{"id":828,"date":"2024-11-04T14:30:20","date_gmt":"2024-11-04T13:30:20","guid":{"rendered":"https:\/\/appenbichler.cloud10.webhome.at\/pagina-iniziale\/"},"modified":"2025-04-10T09:33:01","modified_gmt":"2025-04-10T07:33:01","slug":"pagina-iniziale","status":"publish","type":"page","link":"https:\/\/appenbichler.it\/it\/","title":{"rendered":"Pagina iniziale"},"content":{"rendered":"\n<div class=\"wp-block-cover alignfull is-style-parallax\" style=\"min-height:90vh;aspect-ratio:unset;\"><span aria-hidden=\"true\" class=\"wp-block-cover__background has-black-background-color has-background-dim\"><\/span><img loading=\"lazy\" decoding=\"async\" width=\"2048\" height=\"1448\" class=\"wp-block-cover__image-background wp-image-1007\" alt=\"\" src=\"https:\/\/appenbichler.it\/wp-content\/uploads\/2025\/04\/rovere_nat_pattern_camera_new_01_2-2048x1448-1.jpg\" data-object-fit=\"cover\" srcset=\"https:\/\/appenbichler.it\/wp-content\/uploads\/2025\/04\/rovere_nat_pattern_camera_new_01_2-2048x1448-1.jpg 2048w, https:\/\/appenbichler.it\/wp-content\/uploads\/2025\/04\/rovere_nat_pattern_camera_new_01_2-2048x1448-1-300x212.jpg 300w, https:\/\/appenbichler.it\/wp-content\/uploads\/2025\/04\/rovere_nat_pattern_camera_new_01_2-2048x1448-1-1024x724.jpg 1024w, https:\/\/appenbichler.it\/wp-content\/uploads\/2025\/04\/rovere_nat_pattern_camera_new_01_2-2048x1448-1-768x543.jpg 768w, https:\/\/appenbichler.it\/wp-content\/uploads\/2025\/04\/rovere_nat_pattern_camera_new_01_2-2048x1448-1-1536x1086.jpg 1536w, https:\/\/appenbichler.it\/wp-content\/uploads\/2025\/04\/rovere_nat_pattern_camera_new_01_2-2048x1448-1-1273x900.jpg 1273w, https:\/\/appenbichler.it\/wp-content\/uploads\/2025\/04\/rovere_nat_pattern_camera_new_01_2-2048x1448-1-849x600.jpg 849w\" sizes=\"auto, (max-width: 2048px) 100vw, 2048px\" \/><div class=\"wp-block-cover__inner-container has-global-padding is-layout-constrained wp-block-cover-is-layout-constrained\">\n<div class=\"wp-block-group has-global-padding is-layout-constrained wp-container-core-group-is-layout-19e250f3 wp-block-group-is-layout-constrained\">\n<p class=\"has-text-align-center has-base-color has-text-color has-link-color wp-elements-fd3586ee1f0c22b886e0bb2c33ad9fe6\" style=\"font-size:clamp(2.629rem, 2.629rem + ((1vw - 0.2rem) * 2.563), 5rem);\"><br>ARREDATORE APPENBICHLER<\/p>\n\n\n\n<p class=\"has-text-align-center has-base-color has-text-color has-link-color wp-elements-f934b037fbdc29b54bddbad41fce15aa\">Semplicemente splendidamente attrezzato&#8230;<\/p>\n<\/div>\n<\/div><\/div>\n\n\n\n<div class=\"wp-block-group has-global-padding is-layout-constrained wp-container-core-group-is-layout-55a0b918 wp-block-group-is-layout-constrained\">\n<div class=\"wp-block-webx-blocks-responsive-spacer\" style=\"--desktop-height:25px;--tablet-height:25px;--mobile-height:25px\"><\/div>\n\n\n\n<h1 class=\"wp-block-heading has-text-align-center\" style=\"font-style:normal;font-weight:200;letter-spacing:1px\"><br>BENVENUTO NELLA TUA CASA DELLE IDEE DA VIVERE!<\/h1>\n\n\n\n<p class=\"has-text-align-center\">Siamo sinonimo di qualit\u00e0, individualit\u00e0 e perfetta artigianalit\u00e0. Il nostro obiettivo \u00e8 trasformare la casa dei tuoi sogni in realt\u00e0, con soluzioni personalizzate che si adattano esattamente alle tue esigenze. Che tu voglia ridisegnare i tuoi ambienti o semplicemente aggiungere piccoli accenti, il nostro team di esperti ti accompagner\u00e0 dall&#8217;idea iniziale fino alla realizzazione.  <\/p>\n\n\n\n<p class=\"has-text-align-center\">Nel nostro showroom e negozio potrai lasciarti ispirare da un&#8217;ampia selezione di materiali, tessuti e rivestimenti per pavimenti di alta qualit\u00e0. Il nostro laboratorio di cucito e tappezzeria interno ci permette di personalizzare ogni dettaglio, dalle tende su misura ai mobili rivestiti. Uniamo la creativit\u00e0 alla tradizione artigianale per ottenere risultati unici che aggiungono personalit\u00e0 e fascino alle tue stanze.  <\/p>\n\n\n\n<p class=\"has-text-align-center\">Che si tratti di eleganti rivestimenti per pavimenti, di tessuti per tappezzeria o di funzionali protezioni da sole e insetti, realizziamo i tuoi desideri con precisione e passione. Fissa un appuntamento oggi stesso e lascia che il nostro team ti fornisca una consulenza esperta. Insieme creeremo ambienti in cui ti sentirai a tuo agio ogni giorno.  <br><br><strong>La tua casa inizia qui, con noi.<\/strong><\/p>\n\n\n\n<div class=\"wp-block-webx-blocks-responsive-spacer\" style=\"--desktop-height:75px;--tablet-height:50px;--mobile-height:25px\"><\/div>\n<\/div>\n\n\n\n<div class=\"wp-block-group alignfull has-global-padding is-layout-constrained wp-container-core-group-is-layout-7db9d80f wp-block-group-is-layout-constrained\" style=\"padding-right:0;padding-left:0\">\n<div class=\"wp-block-columns alignfull is-layout-flex wp-container-core-columns-is-layout-28f84493 wp-block-columns-is-layout-flex\">\n<div class=\"wp-block-column is-layout-flow wp-block-column-is-layout-flow\">\n<div class=\"wp-block-cover is-style-parallax clickable-cover\"><span aria-hidden=\"true\" class=\"wp-block-cover__background has-black-background-color has-background-dim-40 has-background-dim\"><\/span><img loading=\"lazy\" decoding=\"async\" width=\"2048\" height=\"1325\" class=\"wp-block-cover__image-background wp-image-973\" alt=\"\" src=\"https:\/\/appenbichler.it\/wp-content\/uploads\/2025\/04\/handwerk.jpg\" data-object-fit=\"cover\" srcset=\"https:\/\/appenbichler.it\/wp-content\/uploads\/2025\/04\/handwerk.jpg 2048w, https:\/\/appenbichler.it\/wp-content\/uploads\/2025\/04\/handwerk-300x194.jpg 300w, https:\/\/appenbichler.it\/wp-content\/uploads\/2025\/04\/handwerk-1024x663.jpg 1024w, https:\/\/appenbichler.it\/wp-content\/uploads\/2025\/04\/handwerk-768x497.jpg 768w, https:\/\/appenbichler.it\/wp-content\/uploads\/2025\/04\/handwerk-1536x994.jpg 1536w, https:\/\/appenbichler.it\/wp-content\/uploads\/2025\/04\/handwerk-1391x900.jpg 1391w, https:\/\/appenbichler.it\/wp-content\/uploads\/2025\/04\/handwerk-927x600.jpg 927w\" sizes=\"auto, (max-width: 2048px) 100vw, 2048px\" \/><div class=\"wp-block-cover__inner-container has-global-padding is-layout-constrained wp-block-cover-is-layout-constrained\">\n<p class=\"has-text-align-center cover-link has-base-color has-text-color has-link-color has-x-large-font-size wp-elements-15e90195a3bb39d4daf510262bf6ff10\" style=\"text-transform:uppercase\"><a href=\"https:\/\/appenbichler.it\/it\/?page_id=753\" data-type=\"page\" data-id=\"33\">Artigianato e assistenza<\/a><\/p>\n<\/div><\/div>\n<\/div>\n\n\n\n<div class=\"wp-block-column is-layout-flow wp-block-column-is-layout-flow\">\n<div class=\"wp-block-cover is-style-parallax clickable-cover\"><span aria-hidden=\"true\" class=\"wp-block-cover__background has-black-background-color has-background-dim-40 has-background-dim\"><\/span><img loading=\"lazy\" decoding=\"async\" width=\"2048\" height=\"1560\" class=\"wp-block-cover__image-background wp-image-989\" alt=\"\" src=\"https:\/\/appenbichler.it\/wp-content\/uploads\/2025\/04\/produkte.jpg\" data-object-fit=\"cover\" srcset=\"https:\/\/appenbichler.it\/wp-content\/uploads\/2025\/04\/produkte.jpg 2048w, https:\/\/appenbichler.it\/wp-content\/uploads\/2025\/04\/produkte-300x229.jpg 300w, https:\/\/appenbichler.it\/wp-content\/uploads\/2025\/04\/produkte-1024x780.jpg 1024w, https:\/\/appenbichler.it\/wp-content\/uploads\/2025\/04\/produkte-768x585.jpg 768w, https:\/\/appenbichler.it\/wp-content\/uploads\/2025\/04\/produkte-1536x1170.jpg 1536w, https:\/\/appenbichler.it\/wp-content\/uploads\/2025\/04\/produkte-1182x900.jpg 1182w, https:\/\/appenbichler.it\/wp-content\/uploads\/2025\/04\/produkte-788x600.jpg 788w\" sizes=\"auto, (max-width: 2048px) 100vw, 2048px\" \/><div class=\"wp-block-cover__inner-container has-global-padding is-layout-constrained wp-block-cover-is-layout-constrained\">\n<p class=\"has-text-align-center cover-link has-base-color has-text-color has-link-color has-x-large-font-size wp-elements-9ab9d0be2d55a36ce9dc71a92f50b2f5\" style=\"text-transform:uppercase\"><strong><a href=\"https:\/\/appenbichler.it\/it\/?page_id=756\">Prodotti<\/a><\/strong><\/p>\n<\/div><\/div>\n<\/div>\n\n\n\n<div class=\"wp-block-column is-layout-flow wp-block-column-is-layout-flow\">\n<div class=\"wp-block-cover is-style-parallax clickable-cover\"><span aria-hidden=\"true\" class=\"wp-block-cover__background has-black-background-color has-background-dim-40 has-background-dim\"><\/span><img loading=\"lazy\" decoding=\"async\" width=\"1800\" height=\"1273\" class=\"wp-block-cover__image-background wp-image-979\" alt=\"\" src=\"https:\/\/appenbichler.it\/wp-content\/uploads\/2025\/04\/kontakt.jpg\" data-object-fit=\"cover\" srcset=\"https:\/\/appenbichler.it\/wp-content\/uploads\/2025\/04\/kontakt.jpg 1800w, https:\/\/appenbichler.it\/wp-content\/uploads\/2025\/04\/kontakt-300x212.jpg 300w, https:\/\/appenbichler.it\/wp-content\/uploads\/2025\/04\/kontakt-1024x724.jpg 1024w, https:\/\/appenbichler.it\/wp-content\/uploads\/2025\/04\/kontakt-768x543.jpg 768w, https:\/\/appenbichler.it\/wp-content\/uploads\/2025\/04\/kontakt-1536x1086.jpg 1536w, https:\/\/appenbichler.it\/wp-content\/uploads\/2025\/04\/kontakt-1273x900.jpg 1273w, https:\/\/appenbichler.it\/wp-content\/uploads\/2025\/04\/kontakt-848x600.jpg 848w\" sizes=\"auto, (max-width: 1800px) 100vw, 1800px\" \/><div class=\"wp-block-cover__inner-container has-global-padding is-layout-constrained wp-block-cover-is-layout-constrained\">\n<p class=\"has-text-align-center cover-link has-base-color has-text-color has-link-color has-geometric-font-family has-x-large-font-size wp-elements-7a30fe58b916162f67c9a8fbc6373f14\" style=\"text-transform:uppercase\"><strong><a href=\"https:\/\/appenbichler.it\/it\/?page_id=813\"><br>Contatti e arrivo<\/a><\/strong><\/p>\n<\/div><\/div>\n<\/div>\n<\/div>\n<\/div>\n","protected":false},"excerpt":{"rendered":"<p>BENVENUTO NELLA TUA CASA DELLE IDEE DA VIVERE! Siamo sinonimo di qualit\u00e0, individualit\u00e0 e perfetta artigianalit\u00e0. Il nostro obiettivo \u00e8 trasformare la casa dei tuoi sogni in realt\u00e0, con soluzioni personalizzate che si adattano esattamente alle tue esigenze. Che tu voglia ridisegnare i tuoi ambienti o semplicemente aggiungere piccoli accenti, il nostro team di esperti [&hellip;]<\/p>\n","protected":false},"author":1,"featured_media":0,"parent":0,"menu_order":0,"comment_status":"closed","ping_status":"closed","template":"","meta":{"footnotes":""},"class_list":["post-828","page","type-page","status-publish","hentry"],"yoast_head":"<!-- This site is optimized with the Yoast SEO plugin v24.3 - https:\/\/yoast.com\/wordpress\/plugins\/seo\/ -->\n<title>Pagina iniziale - Appenbichler<\/title>\n<meta name=\"robots\" content=\"noindex, follow, max-snippet:-1, max-image-preview:large, max-video-preview:-1\" \/>\n<meta property=\"og:locale\" content=\"it_IT\" \/>\n<meta property=\"og:type\" content=\"article\" \/>\n<meta property=\"og:title\" content=\"Pagina iniziale - Appenbichler\" \/>\n<meta property=\"og:description\" content=\"BENVENUTO NELLA TUA CASA DELLE IDEE DA VIVERE! Siamo sinonimo di qualit\u00e0, individualit\u00e0 e perfetta artigianalit\u00e0. Il nostro obiettivo \u00e8 trasformare la casa dei tuoi sogni in realt\u00e0, con soluzioni personalizzate che si adattano esattamente alle tue esigenze. Che tu voglia ridisegnare i tuoi ambienti o semplicemente aggiungere piccoli accenti, il nostro team di esperti [&hellip;]\" \/>\n<meta property=\"og:url\" content=\"https:\/\/appenbichler.it\/it\/\" \/>\n<meta property=\"og:site_name\" content=\"Appenbichler\" \/>\n<meta property=\"article:modified_time\" content=\"2025-04-10T07:33:01+00:00\" \/>\n<meta property=\"og:image\" content=\"https:\/\/appenbichler.it\/wp-content\/uploads\/2025\/04\/rovere_nat_pattern_camera_new_01_2-2048x1448-1.jpg\" \/>\n\t<meta property=\"og:image:width\" content=\"2048\" \/>\n\t<meta property=\"og:image:height\" content=\"1448\" \/>\n\t<meta property=\"og:image:type\" content=\"image\/jpeg\" \/>\n<meta name=\"twitter:card\" content=\"summary_large_image\" \/>\n<meta name=\"twitter:label1\" content=\"Tempo di lettura stimato\" \/>\n\t<meta name=\"twitter:data1\" content=\"2 minuti\" \/>\n<script type=\"application\/ld+json\" class=\"yoast-schema-graph\">{\"@context\":\"https:\/\/schema.org\",\"@graph\":[{\"@type\":\"WebPage\",\"@id\":\"https:\/\/appenbichler.it\/it\/\",\"url\":\"https:\/\/appenbichler.it\/it\/\",\"name\":\"Pagina iniziale - Appenbichler\",\"isPartOf\":{\"@id\":\"https:\/\/appenbichler.it\/#website\"},\"primaryImageOfPage\":{\"@id\":\"https:\/\/appenbichler.it\/it\/#primaryimage\"},\"image\":{\"@id\":\"https:\/\/appenbichler.it\/it\/#primaryimage\"},\"thumbnailUrl\":\"https:\/\/appenbichler.it\/wp-content\/uploads\/2025\/04\/rovere_nat_pattern_camera_new_01_2-2048x1448-1.jpg\",\"datePublished\":\"2024-11-04T13:30:20+00:00\",\"dateModified\":\"2025-04-10T07:33:01+00:00\",\"breadcrumb\":{\"@id\":\"https:\/\/appenbichler.it\/it\/#breadcrumb\"},\"inLanguage\":\"it-IT\",\"potentialAction\":[{\"@type\":\"ReadAction\",\"target\":[\"https:\/\/appenbichler.it\/it\/\"]}]},{\"@type\":\"ImageObject\",\"inLanguage\":\"it-IT\",\"@id\":\"https:\/\/appenbichler.it\/it\/#primaryimage\",\"url\":\"https:\/\/appenbichler.it\/wp-content\/uploads\/2025\/04\/rovere_nat_pattern_camera_new_01_2-2048x1448-1.jpg\",\"contentUrl\":\"https:\/\/appenbichler.it\/wp-content\/uploads\/2025\/04\/rovere_nat_pattern_camera_new_01_2-2048x1448-1.jpg\"},{\"@type\":\"BreadcrumbList\",\"@id\":\"https:\/\/appenbichler.it\/it\/#breadcrumb\",\"itemListElement\":[{\"@type\":\"ListItem\",\"position\":1,\"name\":\"Startseite\",\"item\":\"https:\/\/appenbichler.it\/it\/\"},{\"@type\":\"ListItem\",\"position\":2,\"name\":\"Pagina iniziale\"}]},{\"@type\":\"WebSite\",\"@id\":\"https:\/\/appenbichler.it\/#website\",\"url\":\"https:\/\/appenbichler.it\/\",\"name\":\"Appenbichler\",\"description\":\"\",\"potentialAction\":[{\"@type\":\"SearchAction\",\"target\":{\"@type\":\"EntryPoint\",\"urlTemplate\":\"https:\/\/appenbichler.it\/?s={search_term_string}\"},\"query-input\":{\"@type\":\"PropertyValueSpecification\",\"valueRequired\":true,\"valueName\":\"search_term_string\"}}],\"inLanguage\":\"it-IT\"}]}<\/script>\n<!-- \/ Yoast SEO plugin. -->","yoast_head_json":{"title":"Pagina iniziale - Appenbichler","robots":{"index":"noindex","follow":"follow","max-snippet":"max-snippet:-1","max-image-preview":"max-image-preview:large","max-video-preview":"max-video-preview:-1"},"og_locale":"it_IT","og_type":"article","og_title":"Pagina iniziale - Appenbichler","og_description":"BENVENUTO NELLA TUA CASA DELLE IDEE DA VIVERE! Siamo sinonimo di qualit\u00e0, individualit\u00e0 e perfetta artigianalit\u00e0. Il nostro obiettivo \u00e8 trasformare la casa dei tuoi sogni in realt\u00e0, con soluzioni personalizzate che si adattano esattamente alle tue esigenze. Che tu voglia ridisegnare i tuoi ambienti o semplicemente aggiungere piccoli accenti, il nostro team di esperti [&hellip;]","og_url":"https:\/\/appenbichler.it\/it\/","og_site_name":"Appenbichler","article_modified_time":"2025-04-10T07:33:01+00:00","og_image":[{"width":2048,"height":1448,"url":"https:\/\/appenbichler.it\/wp-content\/uploads\/2025\/04\/rovere_nat_pattern_camera_new_01_2-2048x1448-1.jpg","type":"image\/jpeg"}],"twitter_card":"summary_large_image","twitter_misc":{"Tempo di lettura stimato":"2 minuti"},"schema":{"@context":"https:\/\/schema.org","@graph":[{"@type":"WebPage","@id":"https:\/\/appenbichler.it\/it\/","url":"https:\/\/appenbichler.it\/it\/","name":"Pagina iniziale - Appenbichler","isPartOf":{"@id":"https:\/\/appenbichler.it\/#website"},"primaryImageOfPage":{"@id":"https:\/\/appenbichler.it\/it\/#primaryimage"},"image":{"@id":"https:\/\/appenbichler.it\/it\/#primaryimage"},"thumbnailUrl":"https:\/\/appenbichler.it\/wp-content\/uploads\/2025\/04\/rovere_nat_pattern_camera_new_01_2-2048x1448-1.jpg","datePublished":"2024-11-04T13:30:20+00:00","dateModified":"2025-04-10T07:33:01+00:00","breadcrumb":{"@id":"https:\/\/appenbichler.it\/it\/#breadcrumb"},"inLanguage":"it-IT","potentialAction":[{"@type":"ReadAction","target":["https:\/\/appenbichler.it\/it\/"]}]},{"@type":"ImageObject","inLanguage":"it-IT","@id":"https:\/\/appenbichler.it\/it\/#primaryimage","url":"https:\/\/appenbichler.it\/wp-content\/uploads\/2025\/04\/rovere_nat_pattern_camera_new_01_2-2048x1448-1.jpg","contentUrl":"https:\/\/appenbichler.it\/wp-content\/uploads\/2025\/04\/rovere_nat_pattern_camera_new_01_2-2048x1448-1.jpg"},{"@type":"BreadcrumbList","@id":"https:\/\/appenbichler.it\/it\/#breadcrumb","itemListElement":[{"@type":"ListItem","position":1,"name":"Startseite","item":"https:\/\/appenbichler.it\/it\/"},{"@type":"ListItem","position":2,"name":"Pagina iniziale"}]},{"@type":"WebSite","@id":"https:\/\/appenbichler.it\/#website","url":"https:\/\/appenbichler.it\/","name":"Appenbichler","description":"","potentialAction":[{"@type":"SearchAction","target":{"@type":"EntryPoint","urlTemplate":"https:\/\/appenbichler.it\/?s={search_term_string}"},"query-input":{"@type":"PropertyValueSpecification","valueRequired":true,"valueName":"search_term_string"}}],"inLanguage":"it-IT"}]}},"_links":{"self":[{"href":"https:\/\/appenbichler.it\/it\/wp-json\/wp\/v2\/pages\/828","targetHints":{"allow":["GET"]}}],"collection":[{"href":"https:\/\/appenbichler.it\/it\/wp-json\/wp\/v2\/pages"}],"about":[{"href":"https:\/\/appenbichler.it\/it\/wp-json\/wp\/v2\/types\/page"}],"author":[{"embeddable":true,"href":"https:\/\/appenbichler.it\/it\/wp-json\/wp\/v2\/users\/1"}],"replies":[{"embeddable":true,"href":"https:\/\/appenbichler.it\/it\/wp-json\/wp\/v2\/comments?post=828"}],"version-history":[{"count":6,"href":"https:\/\/appenbichler.it\/it\/wp-json\/wp\/v2\/pages\/828\/revisions"}],"predecessor-version":[{"id":1068,"href":"https:\/\/appenbichler.it\/it\/wp-json\/wp\/v2\/pages\/828\/revisions\/1068"}],"wp:attachment":[{"href":"https:\/\/appenbichler.it\/it\/wp-json\/wp\/v2\/media?parent=828"}],"curies":[{"name":"wp","href":"https:\/\/api.w.org\/{rel}","templated":true}]}}